{"id":11,"date":"2015-11-22T20:14:53","date_gmt":"2015-11-22T20:14:53","guid":{"rendered":"http:\/\/fidecommesso-riva.ch\/?page_id=11"},"modified":"2022-04-12T12:49:37","modified_gmt":"2022-04-12T12:49:37","slug":"family","status":"publish","type":"page","link":"https:\/\/fidecommesso-riva.ch\/es\/family\/","title":{"rendered":"Familia"},"content":{"rendered":"<p><\/p>\n<h1 style=\"font-family: Georgia,Times New Roman,Times,serif; font-size: 24px; color: #000066;\">La familia Riva de Lugano<\/h1>\n<p><span style=\"color: #000000;\">La familia Riva todav\u00eda hoy sigue presente en Lugano y se menciona desde 1447 en el registro de los patricios de Lugano.<\/span><\/p>\n<p><span style=\"color: #000000;\">Seguramente la familia Riva proviene de Como de donde se traslada a Lugano pasando probablemente por Riva San Vitale. En efecto, durante la era medieval y hasta comienzos del a\u00f1o mil quinientos, Lugano fue dominada por Como y por esta raz\u00f3n, las dos ciudades manten\u00edan muy buenas relaciones administrativas y comerciales. En aquel tiempo los Riva se dedicaban probablemente al comercio.<\/span><\/p>\n<p><span style=\"color: #000000;\">Despu\u00e9s de la conquista de Lugano en 1513 por los XII Cantones de la Confederaci\u00f3n Suiza, los Riva prefirieron dedicarse a la actividad inmobiliaria y financiera. Adem\u00e1s, gracias a sus buenas relaciones con los suizos y en particular con el Cant\u00f3n de Lucerna, estos participaron activamente en la administraci\u00f3n civil y judicial de la ciudad.&nbsp; Tambi\u00e9n recibieron t\u00edtulos nobles italianos.<\/span><\/p>\n<p><span style=\"color: #000000;\">En Lugano todav\u00eda existen tres edificios construidos por los Riva en el a\u00f1o mil setecientos: en la Piazza Cioccaro, en via Pretorio y en via Magatti.<\/span><\/p>\n<p><span style=\"color: #000000;\">En mil ochocientos y despu\u00e9s en mil novecientos algunos de los Riva emigraron y crearon nuevos ramos familiares en Uruguay, Per\u00fa y Argentina adem\u00e1s en Suiza francesa y alemana.<\/span><\/p>\n<p><span style=\"color: #000000;\">Los Riva viven hoy en dos continentes: Europa y Am\u00e9rica.<\/span><\/p>","protected":false},"excerpt":{"rendered":"<p>La familia Riva de Lugano La familia Riva todav\u00eda hoy sigue presente en Lugano y se menciona desde 1447 en el registro de los patricios de Lugano. Seguramente la familia Riva proviene de Como de donde se traslada a Lugano pasando probablemente por Riva San Vitale. En efecto, durante la era medieval y hasta comienzos [&hellip;]<\/p>\n","protected":false},"author":1,"featured_media":0,"parent":0,"menu_order":0,"comment_status":"closed","ping_status":"open","template":"","meta":{"ngg_post_thumbnail":0},"_links":{"self":[{"href":"https:\/\/fidecommesso-riva.ch\/es\/wp-json\/wp\/v2\/pages\/11"}],"collection":[{"href":"https:\/\/fidecommesso-riva.ch\/es\/wp-json\/wp\/v2\/pages"}],"about":[{"href":"https:\/\/fidecommesso-riva.ch\/es\/wp-json\/wp\/v2\/types\/page"}],"author":[{"embeddable":true,"href":"https:\/\/fidecommesso-riva.ch\/es\/wp-json\/wp\/v2\/users\/1"}],"replies":[{"embeddable":true,"href":"https:\/\/fidecommesso-riva.ch\/es\/wp-json\/wp\/v2\/comments?post=11"}],"version-history":[{"count":6,"href":"https:\/\/fidecommesso-riva.ch\/es\/wp-json\/wp\/v2\/pages\/11\/revisions"}],"predecessor-version":[{"id":212,"href":"https:\/\/fidecommesso-riva.ch\/es\/wp-json\/wp\/v2\/pages\/11\/revisions\/212"}],"wp:attachment":[{"href":"https:\/\/fidecommesso-riva.ch\/es\/wp-json\/wp\/v2\/media?parent=11"}],"curies":[{"name":"wp","href":"https:\/\/api.w.org\/{rel}","templated":true}]}}