{"id":16,"date":"2015-11-22T20:29:10","date_gmt":"2015-11-22T20:29:10","guid":{"rendered":"http:\/\/fidecommesso-riva.ch\/?page_id=16"},"modified":"2022-04-12T12:57:44","modified_gmt":"2022-04-12T12:57:44","slug":"contacts","status":"publish","type":"page","link":"https:\/\/fidecommesso-riva.ch\/es\/contacts\/","title":{"rendered":"Contactos"},"content":{"rendered":"<p><\/p>\n<h1>Contactos<\/h1>\n<p><span style=\"color: #000000;\">Los miembros de la familia Riva descendientes en l\u00ednea paterna de Antonio Riva (1618 &#8211; 1678) que estuvieren interesados en conocer la actividad del Fidecommesso Riva de Lugano y las condiciones para obtener una beca de estudio (limitada a tres a\u00f1os, entre los 17 y 19 a\u00f1os de edad) pueden escribir a la siguiente direcci\u00f3n:<\/span><\/p>\n<p style=\"font-family: Arial,Helvetica,sans-serif; font-size: 14px; color: #000000;\"><span style=\"color: #000000;\">Fundaci\u00f3n del Fidecommesso Riva<\/span><br \/>\n<span style=\"color: #000000;\">C.P. 1869<\/span><br \/>\n<span style=\"color: #000000;\">6901 Lugano<\/span><br \/>\n<span style=\"color: #000000;\">(Suiza)<\/span><\/p>\n<p><span style=\"color: #000000;\">Por favor enviar los documentos y las referencias aptas para probar la existencia de una relaci\u00f3n exacta de parentela. Se les invita cordialmente a los miembros del Fidecommesso Riva a participar en la vida familiar, pidiendo a la direcci\u00f3n mencionada anteriormente el permiso de acceso a su \u00abgrupo privado\u00bb en Facebook. El acceso es su invitaci\u00f3n y est\u00e1 reservado a los miembros de la familia Riva reconocidos por el Fidecommesso Riva.<\/span><\/p>","protected":false},"excerpt":{"rendered":"<p>Contactos Los miembros de la familia Riva descendientes en l\u00ednea paterna de Antonio Riva (1618 &#8211; 1678) que estuvieren interesados en conocer la actividad del Fidecommesso Riva de Lugano y las condiciones para obtener una beca de estudio (limitada a tres a\u00f1os, entre los 17 y 19 a\u00f1os de edad) pueden escribir a la siguiente [&hellip;]<\/p>\n","protected":false},"author":1,"featured_media":0,"parent":0,"menu_order":0,"comment_status":"closed","ping_status":"open","template":"page-contact.php","meta":{"ngg_post_thumbnail":0},"_links":{"self":[{"href":"https:\/\/fidecommesso-riva.ch\/es\/wp-json\/wp\/v2\/pages\/16"}],"collection":[{"href":"https:\/\/fidecommesso-riva.ch\/es\/wp-json\/wp\/v2\/pages"}],"about":[{"href":"https:\/\/fidecommesso-riva.ch\/es\/wp-json\/wp\/v2\/types\/page"}],"author":[{"embeddable":true,"href":"https:\/\/fidecommesso-riva.ch\/es\/wp-json\/wp\/v2\/users\/1"}],"replies":[{"embeddable":true,"href":"https:\/\/fidecommesso-riva.ch\/es\/wp-json\/wp\/v2\/comments?post=16"}],"version-history":[{"count":6,"href":"https:\/\/fidecommesso-riva.ch\/es\/wp-json\/wp\/v2\/pages\/16\/revisions"}],"predecessor-version":[{"id":215,"href":"https:\/\/fidecommesso-riva.ch\/es\/wp-json\/wp\/v2\/pages\/16\/revisions\/215"}],"wp:attachment":[{"href":"https:\/\/fidecommesso-riva.ch\/es\/wp-json\/wp\/v2\/media?parent=16"}],"curies":[{"name":"wp","href":"https:\/\/api.w.org\/{rel}","templated":true}]}}