{"id":5,"date":"2015-11-22T19:15:26","date_gmt":"2015-11-22T19:15:26","guid":{"rendered":"http:\/\/fidecommesso-riva.ch\/?page_id=5"},"modified":"2022-04-12T13:06:01","modified_gmt":"2022-04-12T13:06:01","slug":"home","status":"publish","type":"page","link":"https:\/\/fidecommesso-riva.ch\/es\/","title":{"rendered":"Inicio"},"content":{"rendered":"<p><\/p>\n<h1>Bienvenido a la p\u00e1gina web del Fidecommesso Riva<\/h1>\n<p style=\"text-align: left; font-style: normal; font-family: Georgia, Times New Roman, Times, serif; color: #000099; font-size: 24px;\"><span style=\"font-family: Georgia,Times New Roman,Times,serif; font-size: 24px; color: #000060;\"><span style=\"font-size: 14pt; color: #000000;\">El Fidecommesso Riva de Lugano (Suiza)<\/span><br \/>\n<\/span><\/p>\n<p><span style=\"color: #000000;\">El Fidecommesso Riva, un instituto similar a una fundaci\u00f3n familiar, fue fundado en Lugano el 8 de julio de 1675 por Antonio Riva (1618 &#8211; 1678), patricio de Lugano, el cual le dona varias propiedades inmobiliarias y creditos. Tambi\u00e9n sus descendientes, Giovan Battista (1646 &#8211; 1729) y Francesco Saverio (1702 &#8211; 1783) donaron bienes al Fidecommesso.<\/span><\/p>\n<p><span style=\"color: #000000;\">Su objetivo era contribuir con los gastos de estudio y los costes del matrimonio de sus descendientes leg\u00edtimos en l\u00ednea paterna ya fuesen hombres o mujeres. El Fidecommesso Riva todav\u00eda existe y sigue en actividad aunque su patrimonio se haya reducido considerablemente con el transcurso de los siglos (v\u00e9ase Contactos).<\/span><\/p>\n<p>En 2021, el Fidecommesso Riva adopt<span style=\"color: #000000;\">\u00f3 la forma jur\u00eddica de una fundaci\u00f3n familar con arreglo a la legislaci\u00f3n suiza.<\/span><\/p>\n<p><strong><span style=\"font-size: 10pt; color: #000000; font-family: arial,helvetica,sans-serif;\">Informaci\u00f3n<\/span><\/strong><\/p>\n<p><span style=\"color: #000000;\">Para m\u00e1s informaci\u00f3n acerca de la familia Riva de Lugano, por favor consultar las siguientes publicaciones que se encuentran en las principales bibliotecas suizas y en el extranjero:<\/span><\/p>\n<p><span style=\"color: #000000;\">&#8211; Riva Alfonso e Waldo, Storia della Famiglia Riva, vol. I. y II., Lugano, 1971<br \/>\n&#8211; Riva Aldo, Storia della Famiglia Riva, vol. III., Lugano, 1993<br \/>\n&#8211; Cavadini Adriano, Sulle onde dei ricordi, Lugano, 2002<\/span><\/p>\n<p><span style=\"color: #000000;\">Estos libros adem\u00e1s contienen un \u00e1rbol geneal\u00f3gico.<\/span><\/p>","protected":false},"excerpt":{"rendered":"<p>Bienvenido a la p\u00e1gina web del Fidecommesso Riva El Fidecommesso Riva de Lugano (Suiza) El Fidecommesso Riva, un instituto similar a una fundaci\u00f3n familiar, fue fundado en Lugano el 8 de julio de 1675 por Antonio Riva (1618 &#8211; 1678), patricio de Lugano, el cual le dona varias propiedades inmobiliarias y creditos. Tambi\u00e9n sus descendientes, [&hellip;]<\/p>\n","protected":false},"author":1,"featured_media":0,"parent":0,"menu_order":0,"comment_status":"closed","ping_status":"open","template":"","meta":{"ngg_post_thumbnail":0},"_links":{"self":[{"href":"https:\/\/fidecommesso-riva.ch\/es\/wp-json\/wp\/v2\/pages\/5"}],"collection":[{"href":"https:\/\/fidecommesso-riva.ch\/es\/wp-json\/wp\/v2\/pages"}],"about":[{"href":"https:\/\/fidecommesso-riva.ch\/es\/wp-json\/wp\/v2\/types\/page"}],"author":[{"embeddable":true,"href":"https:\/\/fidecommesso-riva.ch\/es\/wp-json\/wp\/v2\/users\/1"}],"replies":[{"embeddable":true,"href":"https:\/\/fidecommesso-riva.ch\/es\/wp-json\/wp\/v2\/comments?post=5"}],"version-history":[{"count":44,"href":"https:\/\/fidecommesso-riva.ch\/es\/wp-json\/wp\/v2\/pages\/5\/revisions"}],"predecessor-version":[{"id":216,"href":"https:\/\/fidecommesso-riva.ch\/es\/wp-json\/wp\/v2\/pages\/5\/revisions\/216"}],"wp:attachment":[{"href":"https:\/\/fidecommesso-riva.ch\/es\/wp-json\/wp\/v2\/media?parent=5"}],"curies":[{"name":"wp","href":"https:\/\/api.w.org\/{rel}","templated":true}]}}