{"id":11,"date":"2015-11-22T20:14:53","date_gmt":"2015-11-22T20:14:53","guid":{"rendered":"http:\/\/fidecommesso-riva.ch\/?page_id=11"},"modified":"2022-04-12T12:49:37","modified_gmt":"2022-04-12T12:49:37","slug":"family","status":"publish","type":"page","link":"https:\/\/fidecommesso-riva.ch\/fr\/family\/","title":{"rendered":"Famille"},"content":{"rendered":"<p><\/p>\n<h1 style=\"font-family: Georgia,Times New Roman,Times,serif; font-size: 24px; color: #000066;\">La famille Riva de Lugano<\/h1>\n<p><span style=\"color: #000000;\">La famille Riva de Lugano, o\u00f9 elle est encore pr\u00e9sente, est mentionn\u00e9e d\u00e8s 1447 dans le registre des bourgeois (patrizi) de Lugano.<\/span><\/p>\n<p><span style=\"color: #000000;\">Elle est vraisemblablement originaire de C\u00f4me, d&rsquo;o\u00f9&nbsp; elle se d\u00e9pla\u00e7a vers Lugano en passant probablement par Riva San Vitale. Pendant le Moyen-Age et jusqu&rsquo;au d\u00e9but du XVi\u00e8me si\u00e8cle, Lugano \u00e9tait soumise \u00e0 C\u00f4me, et&nbsp; les deux villes avaient d&rsquo;intenses relations administratives et commerciales. A cette \u00e9poque les Riva exer\u00e7aient probablement des activit\u00e9s commerciales.<\/span><\/p>\n<p><span style=\"color: #000000;\">Apr\u00e8s la conqu\u00eate de Lugano en 1513 par les XII Cantons de la Ligue Suisse, la famille Riva se consacra plut\u00f4t \u00e0 des activit\u00e9s immobili\u00e8res, financi\u00e8res et juridiques. En outre, gr\u00e2ce \u00e0 ses bonnes relations avec les Suisses, et notamment le Canton de Lucerne, elle participa intens\u00e9ment \u00e0 l&rsquo;administration civile et judiciaire de la ville de Lugano. Ils re\u00e7urent aussi des titres nobiliaires italiens.<\/span><\/p>\n<p><span style=\"color: #000000;\">La famille Riva fit construire trois palais \u00e0 Lugano durant le XVIIIi\u00e8me si\u00e8cle: ils sont situ\u00e9s \u00e0 la place Cioccaro, \u00e0 la via Pretorio et \u00e0 la via Magatti.<\/span><\/p>\n<p><span style=\"color: #000000;\">Durant les XIXi\u00e8me et XXi\u00e8me si\u00e8cles, quelques Riva \u00e9migr\u00e8rent et cr\u00e9\u00e8rent de nouvelles branches de la famille au P\u00e9rou, en Uruguay et en Argentine, ainsi qu&rsquo;en Suisse fran\u00e7aise et allemande.<\/span><\/p>\n<p><span style=\"color: #000000;\">Aujourd&rsquo;hui la famille Riva est pr\u00e9sente en Europe et en Am\u00e9rique.<\/span><\/p>","protected":false},"excerpt":{"rendered":"<p>La famille Riva de Lugano La famille Riva de Lugano, o\u00f9 elle est encore pr\u00e9sente, est mentionn\u00e9e d\u00e8s 1447 dans le registre des bourgeois (patrizi) de Lugano. Elle est vraisemblablement originaire de C\u00f4me, d&rsquo;o\u00f9&nbsp; elle se d\u00e9pla\u00e7a vers Lugano en passant probablement par Riva San Vitale. Pendant le Moyen-Age et jusqu&rsquo;au d\u00e9but du XVi\u00e8me si\u00e8cle, [&hellip;]<\/p>\n","protected":false},"author":1,"featured_media":0,"parent":0,"menu_order":0,"comment_status":"closed","ping_status":"open","template":"","meta":{"ngg_post_thumbnail":0},"_links":{"self":[{"href":"https:\/\/fidecommesso-riva.ch\/fr\/wp-json\/wp\/v2\/pages\/11"}],"collection":[{"href":"https:\/\/fidecommesso-riva.ch\/fr\/wp-json\/wp\/v2\/pages"}],"about":[{"href":"https:\/\/fidecommesso-riva.ch\/fr\/wp-json\/wp\/v2\/types\/page"}],"author":[{"embeddable":true,"href":"https:\/\/fidecommesso-riva.ch\/fr\/wp-json\/wp\/v2\/users\/1"}],"replies":[{"embeddable":true,"href":"https:\/\/fidecommesso-riva.ch\/fr\/wp-json\/wp\/v2\/comments?post=11"}],"version-history":[{"count":6,"href":"https:\/\/fidecommesso-riva.ch\/fr\/wp-json\/wp\/v2\/pages\/11\/revisions"}],"predecessor-version":[{"id":212,"href":"https:\/\/fidecommesso-riva.ch\/fr\/wp-json\/wp\/v2\/pages\/11\/revisions\/212"}],"wp:attachment":[{"href":"https:\/\/fidecommesso-riva.ch\/fr\/wp-json\/wp\/v2\/media?parent=11"}],"curies":[{"name":"wp","href":"https:\/\/api.w.org\/{rel}","templated":true}]}}