{"id":16,"date":"2015-11-22T20:29:10","date_gmt":"2015-11-22T20:29:10","guid":{"rendered":"http:\/\/fidecommesso-riva.ch\/?page_id=16"},"modified":"2022-04-12T12:57:44","modified_gmt":"2022-04-12T12:57:44","slug":"contacts","status":"publish","type":"page","link":"https:\/\/fidecommesso-riva.ch\/fr\/contacts\/","title":{"rendered":"Contact"},"content":{"rendered":"<p><\/p>\n<h1>Contacts<\/h1>\n<p><span style=\"color: #000000;\">Les membres de la famille Riva descendant en ligne directe et paternelle d\u2019Antonio Riva (1618 &#8211; 1678) qui sont int\u00e9ress\u00e9s \u00e0 conna\u00eetre les activit\u00e9s du Fidecommesso Riva de Lugano et les conditions pour obtenir une bourse d\u2019\u00e9tude (d\u2019une dur\u00e9e de trois ans, de la 17i\u00e8me \u00e0 la 19i\u00e8me ann\u00e9e) sont pri\u00e9s d\u2019\u00e9crire \u00e0 l\u2019adresse qui suit:<\/span><\/p>\n<p style=\"font-family: Arial,Helvetica,sans-serif; font-size: 14px; color: #000000;\"><span style=\"color: #000000;\">Fondation du Fidecommesso Riva<\/span><br \/>\n<span style=\"color: #000000;\">C.P. 1869<\/span><br \/>\n<span style=\"color: #000000;\">6901 Lugano<\/span><br \/>\n<span style=\"color: #000000;\">(Svizzera)<\/span><\/p>\n<p><span style=\"color: #000000;\">Pri\u00e8re d\u2019annexer les documents et les r\u00e9f\u00e9rences qui prouvent l\u2019existence d\u2019un r\u00e9el lien de parent\u00e9.<br \/>\nLes membres du Fidecommesso Riva sont aussi cordialement invit\u00e9s \u00e0 participer \u00e0 la vie de la famille en faisant requ\u00eate \u00e0 l\u2019adresse mentionn\u00e9e ci-dessus, du permis d\u2019acc\u00e8s \u00e0 son \u00ab\u00a0groupe priv\u00e9\u00a0\u00bb sur Facebook. L\u2019acc\u00e8s est r\u00e9serv\u00e9 aux membres de la famille Riva reconnus par le Fidecommesso Riva.<\/span><\/p>","protected":false},"excerpt":{"rendered":"<p>Contacts Les membres de la famille Riva descendant en ligne directe et paternelle d\u2019Antonio Riva (1618 &#8211; 1678) qui sont int\u00e9ress\u00e9s \u00e0 conna\u00eetre les activit\u00e9s du Fidecommesso Riva de Lugano et les conditions pour obtenir une bourse d\u2019\u00e9tude (d\u2019une dur\u00e9e de trois ans, de la 17i\u00e8me \u00e0 la 19i\u00e8me ann\u00e9e) sont pri\u00e9s d\u2019\u00e9crire \u00e0 l\u2019adresse [&hellip;]<\/p>\n","protected":false},"author":1,"featured_media":0,"parent":0,"menu_order":0,"comment_status":"closed","ping_status":"open","template":"page-contact.php","meta":{"ngg_post_thumbnail":0},"_links":{"self":[{"href":"https:\/\/fidecommesso-riva.ch\/fr\/wp-json\/wp\/v2\/pages\/16"}],"collection":[{"href":"https:\/\/fidecommesso-riva.ch\/fr\/wp-json\/wp\/v2\/pages"}],"about":[{"href":"https:\/\/fidecommesso-riva.ch\/fr\/wp-json\/wp\/v2\/types\/page"}],"author":[{"embeddable":true,"href":"https:\/\/fidecommesso-riva.ch\/fr\/wp-json\/wp\/v2\/users\/1"}],"replies":[{"embeddable":true,"href":"https:\/\/fidecommesso-riva.ch\/fr\/wp-json\/wp\/v2\/comments?post=16"}],"version-history":[{"count":6,"href":"https:\/\/fidecommesso-riva.ch\/fr\/wp-json\/wp\/v2\/pages\/16\/revisions"}],"predecessor-version":[{"id":215,"href":"https:\/\/fidecommesso-riva.ch\/fr\/wp-json\/wp\/v2\/pages\/16\/revisions\/215"}],"wp:attachment":[{"href":"https:\/\/fidecommesso-riva.ch\/fr\/wp-json\/wp\/v2\/media?parent=16"}],"curies":[{"name":"wp","href":"https:\/\/api.w.org\/{rel}","templated":true}]}}