{"id":5,"date":"2015-11-22T19:15:26","date_gmt":"2015-11-22T19:15:26","guid":{"rendered":"http:\/\/fidecommesso-riva.ch\/?page_id=5"},"modified":"2022-04-12T13:06:01","modified_gmt":"2022-04-12T13:06:01","slug":"home","status":"publish","type":"page","link":"https:\/\/fidecommesso-riva.ch\/fr\/","title":{"rendered":"Home"},"content":{"rendered":"<p><\/p>\n<h1 style=\"text-align: left;\">Bienvenue au site du Fidecommesso Riva de Lugano<\/h1>\n<p style=\"text-align: left; font-style: normal; font-family: Georgia, Times New Roman, Times, serif; color: #000099; font-size: 24px;\"><span style=\"font-family: Georgia,Times New Roman,Times,serif; font-size: 24px; color: #000060;\"><span style=\"font-size: 14pt; color: #000000;\">Le Fidecommesso Riva de Lugano (Suisse)<\/span><br \/>\n<\/span><\/p>\n<p><span style=\"color: #000000;\">Le Fidecommesso Riva, institution analogue \u00e0 une fondation de famille, fut cr\u00e9\u00e9 \u00e0 Lugano le 8 juillet 1675 par Antonio Riva (1618 &#8211; 1678), bourgeois de Lugano, qui lui attribua plusieures propri\u00e9t\u00e9s immobili\u00e8res et des titres de cr\u00e9dit. Des biens lui furent aussi attribu\u00e9s par ses descendants Giovan Battista (1646 &#8211; 1729) et Francesco Saverio (1702 &#8211; 1783).<\/span><\/p>\n<p><span style=\"color: #000000;\">Son but \u00e9tait d&rsquo;aider ses descendants directs et l\u00e9gitimes en ligne paternelle des deux sexes pour contribuer \u00e0 leurs frais d&rsquo;\u00e9tudes et offrir une dote de mariage. Le Fidecommesso Riva existe encore et est&nbsp; toujours actif, bien qu&rsquo;avec un patrimoine qui s&rsquo;est beaucoup r\u00e9duit au cours de si\u00e8cles.<\/span> Il distribue des bourses d&rsquo;\u00e9tudes (v. Contacts).<\/p>\n<p>En 2021 le Fidecommesso a adopt\u00e9 la forme juridique de la fondation de famille conform\u00e9ment au droit suisse.<\/p>\n<p><strong><span style=\"font-size: 10pt; color: #000000; font-family: arial,helvetica,sans-serif;\">Informations<\/span><\/strong><\/p>\n<p><span style=\"color: #000000;\">Pour obtenir des informations suppl\u00e9mentaires concernantes le Fidecommesso Riva et la famille Riva de Lugano, veuillez consulter les publications suivantes, qui se trouvent dans les principales Biblioth\u00e8ques publiques de Suisse et \u00e0 l\u2019\u00e9tranger:<\/span><\/p>\n<p><span style=\"color: #000000;\">&#8211; Riva Alfonso e Waldo, Storia della Famiglia Riva, vol. I. e II., Lugano, 1971<br \/>\n&#8211; Riva Aldo, Storia della Famiglia Riva, vol. III., Lugano, 1993<br \/>\n&#8211; Cavadini Adriano, Sulle onde dei ricordi, Lugano, 2002<\/span><\/p>\n<p><span style=\"color: #000000;\">Ces livres contiennent un arbre g\u00e9n\u00e9alogique.<\/span><\/p>","protected":false},"excerpt":{"rendered":"<p>Bienvenue au site du Fidecommesso Riva de Lugano Le Fidecommesso Riva de Lugano (Suisse) Le Fidecommesso Riva, institution analogue \u00e0 une fondation de famille, fut cr\u00e9\u00e9 \u00e0 Lugano le 8 juillet 1675 par Antonio Riva (1618 &#8211; 1678), bourgeois de Lugano, qui lui attribua plusieures propri\u00e9t\u00e9s immobili\u00e8res et des titres de cr\u00e9dit. Des biens lui [&hellip;]<\/p>\n","protected":false},"author":1,"featured_media":0,"parent":0,"menu_order":0,"comment_status":"closed","ping_status":"open","template":"","meta":{"ngg_post_thumbnail":0},"_links":{"self":[{"href":"https:\/\/fidecommesso-riva.ch\/fr\/wp-json\/wp\/v2\/pages\/5"}],"collection":[{"href":"https:\/\/fidecommesso-riva.ch\/fr\/wp-json\/wp\/v2\/pages"}],"about":[{"href":"https:\/\/fidecommesso-riva.ch\/fr\/wp-json\/wp\/v2\/types\/page"}],"author":[{"embeddable":true,"href":"https:\/\/fidecommesso-riva.ch\/fr\/wp-json\/wp\/v2\/users\/1"}],"replies":[{"embeddable":true,"href":"https:\/\/fidecommesso-riva.ch\/fr\/wp-json\/wp\/v2\/comments?post=5"}],"version-history":[{"count":44,"href":"https:\/\/fidecommesso-riva.ch\/fr\/wp-json\/wp\/v2\/pages\/5\/revisions"}],"predecessor-version":[{"id":216,"href":"https:\/\/fidecommesso-riva.ch\/fr\/wp-json\/wp\/v2\/pages\/5\/revisions\/216"}],"wp:attachment":[{"href":"https:\/\/fidecommesso-riva.ch\/fr\/wp-json\/wp\/v2\/media?parent=5"}],"curies":[{"name":"wp","href":"https:\/\/api.w.org\/{rel}","templated":true}]}}