{"id":11,"date":"2015-11-22T20:14:53","date_gmt":"2015-11-22T20:14:53","guid":{"rendered":"http:\/\/fidecommesso-riva.ch\/?page_id=11"},"modified":"2022-04-12T12:49:37","modified_gmt":"2022-04-12T12:49:37","slug":"family","status":"publish","type":"page","link":"https:\/\/fidecommesso-riva.ch\/it\/family\/","title":{"rendered":"Famiglia"},"content":{"rendered":"<p><\/p>\n<h1 style=\"font-family: Georgia,Times New Roman,Times,serif; font-size: 24px; color: #000066;\">La famiglia Riva di Lugano<\/h1>\n<p><span style=\"color: #000000;\">La famiglia Riva di Lugano, ove \u00e8 ancor oggi presente, \u00e8 menzionata sin dal 1447 nel registro dei patrizi di Lugano.<\/span><\/p>\n<p><span style=\"color: #000000;\">Essa \u00e8 quasi certamente originaria di Como, da dove si trasfer\u00ec a Lugano transitando probabilmente da Riva San Vitale. Infatti durante il Medioevo e fino all&#8217;inizio del Cinquecento, Lugano fu dominata da Como e perci\u00f2 fra le due citt\u00e0 c&#8217;erano intensi rapporti amministrativi e commerciali. In quel tempo i Riva erano probabilmente dediti al commercio.<\/span><\/p>\n<p><span style=\"color: #000000;\">Dopo la conquista di Lugano nel 1513 da parte dei XII Cantoni della Lega Svizzera, i Riva si consacrarono piuttosto alle attivit\u00e0 immobiliari e finanziarie. Inoltre grazie ai loro buoni rapporti con gli Svizzeri, e in particolare con il Canton Lucerna, essi parteciparono intensamente all&#8217;amministrazione civile e giudiziaria della citt\u00e0. Ricevettero anche dei titoli nobiliari italiani.<\/span><\/p>\n<p><span style=\"color: #000000;\">A Lugano vi sono tuttora tre palazzi fatti erigere nel Settecento dai Riva: in piazza Cioccaro, in via Pretorio e in via Magatti.<\/span><\/p>\n<p><span style=\"color: #000000;\">Nell&#8217;Ottocento e poi nel Novecento alcuni Riva sono emigrati e hanno creato nuovi rami familiari nell&#8217;Uruguay, nel Per\u00f9 e in Argentina, oltre che nella Svizzera francese e tedesca.<\/span><\/p>\n<p><span style=\"color: #000000;\">Oggi i Riva vivono in due continenti: Europa e America.<br \/>\n<\/span><\/p>","protected":false},"excerpt":{"rendered":"<p>La famiglia Riva di Lugano La famiglia Riva di Lugano, ove \u00e8 ancor oggi presente, \u00e8 menzionata sin dal 1447 nel registro dei patrizi di Lugano. Essa \u00e8 quasi certamente originaria di Como, da dove si trasfer\u00ec a Lugano transitando probabilmente da Riva San Vitale. Infatti durante il Medioevo e fino all&#8217;inizio del Cinquecento, Lugano [&hellip;]<\/p>\n","protected":false},"author":1,"featured_media":0,"parent":0,"menu_order":0,"comment_status":"closed","ping_status":"open","template":"","meta":{"ngg_post_thumbnail":0},"_links":{"self":[{"href":"https:\/\/fidecommesso-riva.ch\/it\/wp-json\/wp\/v2\/pages\/11"}],"collection":[{"href":"https:\/\/fidecommesso-riva.ch\/it\/wp-json\/wp\/v2\/pages"}],"about":[{"href":"https:\/\/fidecommesso-riva.ch\/it\/wp-json\/wp\/v2\/types\/page"}],"author":[{"embeddable":true,"href":"https:\/\/fidecommesso-riva.ch\/it\/wp-json\/wp\/v2\/users\/1"}],"replies":[{"embeddable":true,"href":"https:\/\/fidecommesso-riva.ch\/it\/wp-json\/wp\/v2\/comments?post=11"}],"version-history":[{"count":6,"href":"https:\/\/fidecommesso-riva.ch\/it\/wp-json\/wp\/v2\/pages\/11\/revisions"}],"predecessor-version":[{"id":212,"href":"https:\/\/fidecommesso-riva.ch\/it\/wp-json\/wp\/v2\/pages\/11\/revisions\/212"}],"wp:attachment":[{"href":"https:\/\/fidecommesso-riva.ch\/it\/wp-json\/wp\/v2\/media?parent=11"}],"curies":[{"name":"wp","href":"https:\/\/api.w.org\/{rel}","templated":true}]}}